{"id":1564,"date":"2024-02-04T19:27:37","date_gmt":"2024-02-04T19:27:37","guid":{"rendered":"https:\/\/banja-tirol.at\/?page_id=1564"},"modified":"2026-01-16T23:06:56","modified_gmt":"2026-01-16T23:06:56","slug":"kurse","status":"publish","type":"page","link":"https:\/\/banja-tirol.at\/en\/kurse\/","title":{"rendered":"Kurse"},"content":{"rendered":"<p><div class=\"fusion-fullwidth fullwidth-box fusion-builder-row-1 fusion-flex-container hundred-percent-fullwidth non-hundred-percent-height-scrolling\" style=\"--awb-background-position:left top;--awb-border-sizes-top:0px;--awb-border-sizes-bottom:0px;--awb-border-sizes-left:0px;--awb-border-sizes-right:0px;--awb-border-radius-top-left:0px;--awb-border-radius-top-right:0px;--awb-border-radius-bottom-right:0px;--awb-border-radius-bottom-left:0px;--awb-padding-top:0px;--awb-padding-right:0px;--awb-padding-bottom:0px;--awb-padding-left:0px;--awb-flex-wrap:wrap;\" ><div class=\"fusion-builder-row fusion-row fusion-flex-align-items-stretch fusion-flex-content-wrap\" style=\"width:104% !important;max-width:104% !important;margin-left: calc(-4% \/ 2 );margin-right: calc(-4% \/ 2 );\"><div class=\"fusion-layout-column fusion_builder_column fusion-builder-column-0 fusion_builder_column_3_5 3_5 fusion-flex-column\" style=\"--awb-padding-top:90px;--awb-padding-right:10%;--awb-padding-bottom:80px;--awb-padding-left:10%;--awb-bg-blend:overlay;--awb-bg-size:cover;--awb-width-large:60%;--awb-margin-top-large:0px;--awb-spacing-right-large:3.84%;--awb-margin-bottom-large:0px;--awb-spacing-left-large:3.2%;--awb-width-medium:100%;--awb-spacing-right-medium:1.92%;--awb-spacing-left-medium:1.92%;--awb-width-small:100%;--awb-spacing-right-small:1.92%;--awb-spacing-left-small:1.92%;\"><div class=\"fusion-column-wrapper fusion-flex-justify-content-flex-start fusion-content-layout-column\"><div class=\"fusion-title title fusion-title-1 fusion-title-text fusion-title-size-two\"><div class=\"title-sep-container title-sep-container-left fusion-no-large-visibility fusion-no-medium-visibility fusion-no-small-visibility\"><div class=\"title-sep sep- sep-solid\" style=\"border-color:var(--awb-color3);\"><\/div><\/div><span class=\"awb-title-spacer fusion-no-large-visibility fusion-no-medium-visibility fusion-no-small-visibility\"><\/span><h2 class=\"fusion-title-heading title-heading-left fusion-responsive-typography-calculated\" style=\"margin:0;--fontSize:62;line-height:var(--awb-typography1-line-height);\">Kurse und Termine<\/h2><span class=\"awb-title-spacer\"><\/span><div class=\"title-sep-container title-sep-container-right\"><div class=\"title-sep sep- sep-solid\" style=\"border-color:var(--awb-color3);\"><\/div><\/div><\/div><div class=\"fusion-separator fusion-has-icon fusion-full-width-sep\" style=\"align-self: flex-start;margin-right:auto;margin-top:4%;margin-bottom:40px;width:100%;max-width:100%;\"><div class=\"fusion-separator-border sep-single sep-solid\" style=\"--awb-height:20px;--awb-amount:20px;border-color:var(--awb-color5);border-top-width:1px;\"><\/div><span class=\"icon-wrapper\" style=\"border-color:transparent;font-size:18px;width: 1.75em; height: 1.75em;border-width:1px;padding:1px;margin-top:-0.5px\"><i class=\"icon-spa-pagelines-brands\" style=\"font-size: inherit;color:var(--awb-color5);\" aria-hidden=\"true\"><\/i><\/span><div class=\"fusion-separator-border sep-single sep-solid\" style=\"--awb-height:20px;--awb-amount:20px;border-color:var(--awb-color5);border-top-width:1px;\"><\/div><\/div><div class=\"fusion-text fusion-text-1\"><p>Erlerne die Kunst des klassischen Saunaaufgusses auf h\u00f6chstem Niveau! <br \/>In unseren exklusiven Kursen vermitteln wir nicht nur klassische Wedeltechniken und den professionellen Umgang mit 100% rein \u00e4therischen \u00d6len, sondern auch die Kunst, einen Aufguss so zu gestalten, dass der Gast im Mittelpunkt steht. <br \/>In kleinen Gruppen garantieren wir ein intensives Lern- und Wohlf\u00fchlerlebnis.<\/p>\n<p>Nur 4 Termine im Jahr 2024 \u2013 sichert euch jetzt einen Platz in einem unserer Kurse und erlernt die professionelle Aufgusskunst!<\/p>\n<p>Als Partner haben wir hier unter anderem das Alpenbad Leutasch in Tirol gefunden.<\/p>\n<\/div><div class=\"fusion-separator fusion-has-icon fusion-full-width-sep\" style=\"align-self: flex-start;margin-right:auto;margin-top:10px;margin-bottom:50px;width:100%;max-width:100%;\"><div class=\"fusion-separator-border sep-single sep-solid\" style=\"--awb-height:20px;--awb-amount:20px;border-color:var(--awb-color5);border-top-width:1px;\"><\/div><span class=\"icon-wrapper\" style=\"border-color:transparent;font-size:18px;width: 1.75em; height: 1.75em;border-width:1px;padding:1px;margin-top:-0.5px\"><i class=\"icon-spa-pagelines-brands\" style=\"font-size: inherit;color:var(--awb-color5);\" aria-hidden=\"true\"><\/i><\/span><div class=\"fusion-separator-border sep-single sep-solid\" style=\"--awb-height:20px;--awb-amount:20px;border-color:var(--awb-color5);border-top-width:1px;\"><\/div><\/div><div class=\"fusion-text fusion-text-2\"><p>Folgende <strong>Termine<\/strong> sind bereits fixiert:<\/p>\n<\/div><div class=\"fusion-separator fusion-full-width-sep\" style=\"align-self: center;margin-left: auto;margin-right: auto;margin-top:10px;width:100%;\"><\/div><ul style=\"--awb-size:18px;--awb-line-height:30.6px;--awb-icon-width:30.6px;--awb-icon-height:30.6px;--awb-icon-margin:12.6px;--awb-content-margin:43.2px;\" class=\"fusion-checklist fusion-checklist-1 fusion-checklist-default type-icons\"><li class=\"fusion-li-item\" style=\"\"><span class=\"icon-wrapper circle-no\"><i class=\"fusion-li-icon icon-spa-angle-right-solid\" aria-hidden=\"true\"><\/i><\/span><div class=\"fusion-li-item-content\">\n<p><strong>(28.01.2026 &#8211; 01.02.2026) <\/strong>&#8211; <span style=\"background-color: rgba(255, 255, 255, 0);\">Saunawart mit Kundenbetreuung \u00d6NORM <\/span><span style=\"background-color: rgba(255, 255, 255, 0);\">+ Wedelkurs Basic Level 1<\/span><\/p>\n<\/div><\/li><li class=\"fusion-li-item\" style=\"\"><span class=\"icon-wrapper circle-no\"><i class=\"fusion-li-icon icon-spa-angle-right-solid\" aria-hidden=\"true\"><\/i><\/span><div class=\"fusion-li-item-content\">\n<p><strong>(19.03.2026 &#8211; 23.03.2026) <\/strong>&#8211; <span style=\"background-color: rgba(255, 255, 255, 0);\">Saunawart mit Kundenbetreuung \u00d6NORM <\/span><span style=\"background-color: rgba(255, 255, 255, 0);\">+ Wedelkurs Basic Level 1<\/span><\/p>\n<\/div><\/li><li class=\"fusion-li-item\" style=\"\"><span class=\"icon-wrapper circle-no\"><i class=\"fusion-li-icon icon-spa-angle-right-solid\" aria-hidden=\"true\"><\/i><\/span><div class=\"fusion-li-item-content\">\n<p><strong>(08.10.2026 &#8211; 12.10.2026) <\/strong>&#8211; <span style=\"background-color: rgba(255, 255, 255, 0);\">Saunawart mit Kundenbetreuung \u00d6NORM <\/span><span style=\"background-color: rgba(255, 255, 255, 0);\">+ Wedelkurs Basic Level 1<\/span><\/p>\n<\/div><\/li><li class=\"fusion-li-item\" style=\"\"><span class=\"icon-wrapper circle-no\"><i class=\"fusion-li-icon icon-spa-angle-right-solid\" aria-hidden=\"true\"><\/i><\/span><div class=\"fusion-li-item-content\">\n<p><strong>(<\/strong><span style=\"background-color: rgba(255, 255, 255, 0);\"><b>08.05.2026<\/b> &#8211; <\/span><strong style=\"background-color: rgba(255, 255, 255, 0);\">10.05.2026)<\/strong><span style=\"background-color: rgba(255, 255, 255, 0);\"> &#8211; <\/span><span style=\"background-color: rgba(255, 255, 255, 0);\">Banja Kurs<\/span><\/p>\n<\/div><\/li><li class=\"fusion-li-item\" style=\"\"><span class=\"icon-wrapper circle-no\"><i class=\"fusion-li-icon icon-spa-angle-right-solid\" aria-hidden=\"true\"><\/i><\/span><div class=\"fusion-li-item-content\">\n<p><strong>(<\/strong><span style=\"background-color: rgba(255, 255, 255, 0);\"><b>04.09.2026<\/b> &#8211; <\/span><strong style=\"background-color: rgba(255, 255, 255, 0);\">06.09.2026)<\/strong><span style=\"background-color: rgba(255, 255, 255, 0);\"> &#8211; <\/span><span style=\"background-color: rgba(255, 255, 255, 0);\">Banja Kurs<\/span><\/p>\n<\/div><\/li><li class=\"fusion-li-item\" style=\"\"><span class=\"icon-wrapper circle-no\"><i class=\"fusion-li-icon icon-spa-angle-right-solid\" aria-hidden=\"true\"><\/i><\/span><div class=\"fusion-li-item-content\">\n<p><strong>(28.01.2026 &#8211; 30.01.2026)<\/strong> &#8211; <span style=\"background-color: rgba(255, 255, 255, 0);\">Saunawart mit Kundenbetreuung  \u00d6NORM<\/span><\/p>\n<\/div><\/li><li class=\"fusion-li-item\" style=\"\"><span class=\"icon-wrapper circle-no\"><i class=\"fusion-li-icon icon-spa-angle-right-solid\" aria-hidden=\"true\"><\/i><\/span><div class=\"fusion-li-item-content\">\n<p><strong>(19.03.2026 &#8211; 21.03.2026)<\/strong> &#8211; <span style=\"background-color: rgba(255, 255, 255, 0);\">Saunawart mit Kundenbetreuung  \u00d6NORM<\/span><\/p>\n<\/div><\/li><li class=\"fusion-li-item\" style=\"\"><span class=\"icon-wrapper circle-no\"><i class=\"fusion-li-icon icon-spa-angle-right-solid\" aria-hidden=\"true\"><\/i><\/span><div class=\"fusion-li-item-content\">\n<p><strong>(<\/strong><span style=\"background-color: rgba(255, 255, 255, 0);\"><b>17.04.2026<\/b> &#8211; <\/span><strong style=\"background-color: rgba(255, 255, 255, 0);\">19.04.2026)<\/strong><span style=\"background-color: rgba(255, 255, 255, 0);\"> &#8211; <\/span><span style=\"background-color: rgba(255, 255, 255, 0);\">Saunawart mit Kundenbetreuung \u00d6NORM<\/span><\/p>\n<\/div><\/li><li class=\"fusion-li-item\" style=\"\"><span class=\"icon-wrapper circle-no\"><i class=\"fusion-li-icon icon-spa-angle-right-solid\" aria-hidden=\"true\"><\/i><\/span><div class=\"fusion-li-item-content\">\n<p><strong>(<\/strong><span style=\"background-color: rgba(255, 255, 255, 0);\"><b>08.10.2026<\/b> &#8211; <\/span><strong style=\"background-color: rgba(255, 255, 255, 0);\">10.10.2026)<\/strong><span style=\"background-color: rgba(255, 255, 255, 0);\"> &#8211; <\/span><span style=\"background-color: rgba(255, 255, 255, 0);\">Saunawart mit Kundenbetreuung \u00d6NORM<\/span><\/p>\n<\/div><\/li><li class=\"fusion-li-item\" style=\"\"><span class=\"icon-wrapper circle-no\"><i class=\"fusion-li-icon icon-spa-angle-right-solid\" aria-hidden=\"true\"><\/i><\/span><div class=\"fusion-li-item-content\">\n<p><strong>(<\/strong><span style=\"background-color: rgba(255, 255, 255, 0);\"><b>30.01.2026<\/b> &#8211; <\/span><strong style=\"background-color: rgba(255, 255, 255, 0);\">01.02.2026)<\/strong><span style=\"background-color: rgba(255, 255, 255, 0);\"> &#8211; <\/span><span style=\"background-color: rgba(255, 255, 255, 0);\">Wedelkurs Basic Level 1<\/span><\/p>\n<\/div><\/li><li class=\"fusion-li-item\" style=\"\"><span class=\"icon-wrapper circle-no\"><i class=\"fusion-li-icon icon-spa-angle-right-solid\" aria-hidden=\"true\"><\/i><\/span><div class=\"fusion-li-item-content\">\n<p><strong>(<\/strong><span style=\"background-color: rgba(255, 255, 255, 0);\"><b>21.03.2026 &#8211;<\/b> <\/span><strong style=\"background-color: rgba(255, 255, 255, 0);\">23.03.2026)<\/strong><span style=\"background-color: rgba(255, 255, 255, 0);\"> &#8211; <\/span><span style=\"background-color: rgba(255, 255, 255, 0);\">Wedelkurs Basic Level 1<\/span><\/p>\n<\/div><\/li><li class=\"fusion-li-item\" style=\"\"><span class=\"icon-wrapper circle-no\"><i class=\"fusion-li-icon icon-spa-angle-right-solid\" aria-hidden=\"true\"><\/i><\/span><div class=\"fusion-li-item-content\">\n<p><strong>(<\/strong><span style=\"background-color: rgba(255, 255, 255, 0);\"><b>26.06.2026<\/b> &#8211; <\/span><strong style=\"background-color: rgba(255, 255, 255, 0);\">28.06.2026)<\/strong><span style=\"background-color: rgba(255, 255, 255, 0);\"> &#8211; <\/span><span style=\"background-color: rgba(255, 255, 255, 0);\">Wedelkurs Basic Level 1<\/span><\/p>\n<\/div><\/li><li class=\"fusion-li-item\" style=\"\"><span class=\"icon-wrapper circle-no\"><i class=\"fusion-li-icon icon-spa-angle-right-solid\" aria-hidden=\"true\"><\/i><\/span><div class=\"fusion-li-item-content\">\n<p><strong>(<\/strong><span style=\"background-color: rgba(255, 255, 255, 0);\"><b>10.10.2026<\/b> &#8211; <\/span><strong style=\"background-color: rgba(255, 255, 255, 0);\">12.10.2026)<\/strong><span style=\"background-color: rgba(255, 255, 255, 0);\"> &#8211; <\/span><span style=\"background-color: rgba(255, 255, 255, 0);\">Wedelkurs Basic Level 1<\/span><\/p>\n<\/div><\/li><li class=\"fusion-li-item\" style=\"\"><span class=\"icon-wrapper circle-no\"><i class=\"fusion-li-icon icon-spa-angle-right-solid\" aria-hidden=\"true\"><\/i><\/span><div class=\"fusion-li-item-content\"><strong>(13.02.2026 &#8211; 15.02.2026) <\/strong>&#8211; Wedelkurs Level 2<\/div><\/li><li class=\"fusion-li-item\" style=\"\"><span class=\"icon-wrapper circle-no\"><i class=\"fusion-li-icon icon-spa-angle-right-solid\" aria-hidden=\"true\"><\/i><\/span><div class=\"fusion-li-item-content\"><strong>(07.03.2026 &#8211; 08.03.2026) <\/strong>&#8211; R\u00e4uchern, Kr\u00e4uter, Natursude und \u00e4therische \u00d6le<\/div><\/li><\/ul><div class=\"fusion-separator fusion-full-width-sep\" style=\"align-self: center;margin-left: auto;margin-right: auto;margin-top:25px;width:100%;\"><\/div><div class=\"fusion-text fusion-text-3\"><p style=\"text-align: center;\"><b><u>Preise f\u00fcr Schulungen<\/u><\/b><\/p>\n<p style=\"text-align: center;\"><span style=\"background-color: rgba(0, 0, 0, 0);\">Saunawart nach \u00d6NORM 3 Tage 440,00 \u20ac<\/span><\/p>\n<div style=\"text-align: center;\"><span style=\"background-color: rgba(0, 0, 0, 0);\">R\u00e4ucherkurs 2 Tage 300,00\u20ac<\/span><\/div>\n<p>&nbsp;<\/p>\n<div style=\"text-align: center;\"><span style=\"background-color: rgba(0, 0, 0, 0);\">Level 1 Wedelkurs 2,5 Tage 375,00\u20ac<\/span><\/div>\n<p>&nbsp;<\/p>\n<div style=\"text-align: center;\"><span style=\"background-color: rgba(0, 0, 0, 0);\">Level 2 Wedelkurs 3 Tage 450,00\u20ac<\/span><\/div>\n<p>&nbsp;<\/p>\n<div style=\"text-align: center;\"><span style=\"background-color: rgba(0, 0, 0, 0);\">Saunawart+Wedelkurs 5 Tage 610,00\u20ac<\/span><\/div>\n<p>&nbsp;<\/p>\n<div style=\"text-align: center;\"><span style=\"background-color: rgba(0, 0, 0, 0);\">Banja 3 Tage Theorie +Praxis 590,00\u20ac<\/span><\/div>\n<p>&nbsp;<\/p>\n<p>Wir bieten auf Anfrage individuell gestaltete Schulungen rund um die Sauna an von richtigem Saunieren und Gesundheitsaspekten \u00fcber den Einsatz von Aufg\u00fcssen und \u00e4therischen \u00d6len bis hin zu verschiedenen Wedel- und Aufgusstechniken.<\/p>\n<p>Alle Schulungen sind auch als Inhouse-Training m\u00f6glich. Preisgestaltung und Terminvereinbarung erfolgen individuell.<\/p>\n<\/div><div class=\"fusion-separator fusion-full-width-sep\" style=\"align-self: center;margin-left: auto;margin-right: auto;margin-top:10px;margin-bottom:20px;width:100%;\"><div class=\"fusion-separator-border sep-single\" style=\"--awb-height:20px;--awb-amount:20px;border-color:var(--awb-color5);border-top-width:1px;\"><\/div><\/div><div class=\"fusion-text fusion-text-4\"><p>Buchungsm\u00f6glichkeit \u00fcber: <strong><a href=\"mailto:aufgussteam.harmony@gmail.com\">aufgussteam.harmony@gmail.com<\/a><\/strong><\/p>\n<\/div><\/div><\/div><div class=\"fusion-layout-column fusion_builder_column fusion-builder-column-1 fusion_builder_column_2_5 2_5 fusion-flex-column fusion-animated\" style=\"--awb-bg-position:center top;--awb-bg-blend:overlay;--awb-bg-size:cover;--awb-width-large:40%;--awb-margin-top-large:0px;--awb-spacing-right-large:4.8%;--awb-margin-bottom-large:0px;--awb-spacing-left-large:3.84%;--awb-width-medium:100%;--awb-spacing-right-medium:1.92%;--awb-spacing-left-medium:1.92%;--awb-width-small:100%;--awb-spacing-right-small:1.92%;--awb-spacing-left-small:1.92%;\" data-animationtype=\"fadeInLeft\" data-animationduration=\"0.6\" data-animationoffset=\"top-into-view\"><div class=\"fusion-column-wrapper lazyload fusion-flex-justify-content-flex-start fusion-content-layout-column fusion-column-has-bg-image\" data-bg-url=\"https:\/\/banja-tirol.at\/wp-content\/uploads\/2023\/09\/Banja-Tirol-7-min.jpg\" data-bg=\"https:\/\/banja-tirol.at\/wp-content\/uploads\/2023\/09\/Banja-Tirol-7-min.jpg\"><div class=\"fusion-separator fusion-no-small-visibility fusion-no-medium-visibility fusion-full-width-sep\" style=\"align-self: center;margin-left: auto;margin-right: auto;margin-top:300px;width:100%;\"><\/div><\/div><\/div><\/div><\/div><div class=\"fusion-bg-parallax\" data-bg-align=\"left top\" data-direction=\"up\" data-mute=\"false\" data-opacity=\"100\" data-velocity=\"-0.2\" data-mobile-enabled=\"false\" data-break_parents=\"0\" data-bg-image=\"https:\/\/banja-tirol.at\/wp-content\/uploads\/2018\/06\/ptb_cta-new.jpg\" data-bg-repeat=\"false\" data-bg-color=\"var(--awb-color7)\" ><\/div><div class=\"fusion-fullwidth fullwidth-box fusion-builder-row-2 fusion-flex-container fusion-parallax-up nonhundred-percent-fullwidth non-hundred-percent-height-scrolling lazyload\" style=\"--awb-background-position:left top;--awb-border-sizes-top:0px;--awb-border-sizes-bottom:0px;--awb-border-sizes-left:0px;--awb-border-sizes-right:0px;--awb-border-radius-top-left:0px;--awb-border-radius-top-right:0px;--awb-border-radius-bottom-right:0px;--awb-border-radius-bottom-left:0px;--awb-padding-top:100px;--awb-padding-bottom:85px;--awb-background-color:var(--awb-color7);--awb-background-size:cover;--awb-flex-wrap:wrap;\" data-bg=\"https:\/\/banja-tirol.at\/wp-content\/uploads\/2018\/06\/ptb_cta-new.jpg\" ><div class=\"fusion-builder-row fusion-row fusion-flex-align-items-stretch fusion-flex-content-wrap\" style=\"max-width:1216.8px;margin-left: calc(-4% \/ 2 );margin-right: calc(-4% \/ 2 );\"><div class=\"fusion-layout-column fusion_builder_column fusion-builder-column-2 fusion_builder_column_2_3 2_3 fusion-flex-column\" style=\"--awb-bg-blend:overlay;--awb-bg-size:cover;--awb-width-large:66.666666666667%;--awb-margin-top-large:20px;--awb-spacing-right-large:3.84%;--awb-margin-bottom-large:10px;--awb-spacing-left-large:2.88%;--awb-width-medium:50%;--awb-spacing-right-medium:5.12%;--awb-spacing-left-medium:3.84%;--awb-width-small:100%;--awb-spacing-right-small:1.92%;--awb-spacing-left-small:1.92%;\"><div class=\"fusion-column-wrapper fusion-flex-justify-content-center fusion-content-layout-column\"><div class=\"fusion-title title fusion-title-2 fusion-title-text fusion-title-size-four\" style=\"--awb-text-color:var(--awb-color1);--awb-margin-bottom:10px;--awb-font-size:30px;\"><div class=\"title-sep-container title-sep-container-left fusion-no-large-visibility fusion-no-medium-visibility fusion-no-small-visibility\"><div class=\"title-sep sep- sep-solid\" style=\"border-color:var(--awb-color3);\"><\/div><\/div><span class=\"awb-title-spacer fusion-no-large-visibility fusion-no-medium-visibility fusion-no-small-visibility\"><\/span><h4 class=\"fusion-title-heading title-heading-left fusion-responsive-typography-calculated\" style=\"margin:0;font-size:1em;--fontSize:30;line-height:1.4;\">Werden Sie Saunawart mit uns!<\/h4><span class=\"awb-title-spacer\"><\/span><div class=\"title-sep-container title-sep-container-right\"><div class=\"title-sep sep- sep-solid\" style=\"border-color:var(--awb-color3);\"><\/div><\/div><\/div><div class=\"fusion-text fusion-text-5\"><p><span style=\"color: var(--awb-color1);\">The Aufgussteam Harmony welcomes you<\/span><\/p>\n<\/div><\/div><\/div><div class=\"fusion-layout-column fusion_builder_column fusion-builder-column-3 fusion_builder_column_1_4 1_4 fusion-flex-column\" style=\"--awb-bg-blend:overlay;--awb-bg-size:cover;--awb-width-large:25%;--awb-margin-top-large:10px;--awb-spacing-right-large:7.68%;--awb-margin-bottom-large:20px;--awb-spacing-left-large:3.84%;--awb-width-medium:25%;--awb-spacing-right-medium:7.68%;--awb-spacing-left-medium:3.84%;--awb-width-small:100%;--awb-spacing-right-small:1.92%;--awb-spacing-left-small:1.92%;\"><div class=\"fusion-column-wrapper fusion-flex-justify-content-center fusion-content-layout-column\"><div style=\"text-align:left;\"><a class=\"fusion-button button-flat fusion-button-default-size button-default fusion-button-default button-1 fusion-button-default-span fusion-button-default-type\" target=\"_self\" href=\"mailto:aufgussteam.harmony@gmail.com\"><span class=\"fusion-button-text awb-button__text awb-button__text--default\">INQUIRE NOW<\/span><\/a><\/div><\/div><\/div><\/div><\/div><\/p>","protected":false},"excerpt":{"rendered":"","protected":false},"author":1,"featured_media":0,"parent":0,"menu_order":0,"comment_status":"closed","ping_status":"closed","template":"100-width.php","meta":{"footnotes":""},"class_list":["post-1564","page","type-page","status-publish","hentry"],"_links":{"self":[{"href":"https:\/\/banja-tirol.at\/en\/wp-json\/wp\/v2\/pages\/1564","targetHints":{"allow":["GET"]}}],"collection":[{"href":"https:\/\/banja-tirol.at\/en\/wp-json\/wp\/v2\/pages"}],"about":[{"href":"https:\/\/banja-tirol.at\/en\/wp-json\/wp\/v2\/types\/page"}],"author":[{"embeddable":true,"href":"https:\/\/banja-tirol.at\/en\/wp-json\/wp\/v2\/users\/1"}],"replies":[{"embeddable":true,"href":"https:\/\/banja-tirol.at\/en\/wp-json\/wp\/v2\/comments?post=1564"}],"version-history":[{"count":24,"href":"https:\/\/banja-tirol.at\/en\/wp-json\/wp\/v2\/pages\/1564\/revisions"}],"predecessor-version":[{"id":1746,"href":"https:\/\/banja-tirol.at\/en\/wp-json\/wp\/v2\/pages\/1564\/revisions\/1746"}],"wp:attachment":[{"href":"https:\/\/banja-tirol.at\/en\/wp-json\/wp\/v2\/media?parent=1564"}],"curies":[{"name":"wp","href":"https:\/\/api.w.org\/{rel}","templated":true}]}}